  {"id":4297,"date":"2020-09-21T14:46:11","date_gmt":"2020-09-21T12:46:11","guid":{"rendered":"https:\/\/al.spitaliamerikan.com\/about-us\/pyetjet-me-te-shpeshta\/"},"modified":"2023-01-09T10:10:16","modified_gmt":"2023-01-09T09:10:16","slug":"pyetjet-me-te-shpeshta","status":"publish","type":"page","link":"https:\/\/al.spitaliamerikan.com\/en\/about-us\/pyetjet-me-te-shpeshta\/","title":{"rendered":"Pyetjet m\u00eb t\u00eb shpeshta"},"content":{"rendered":"<div id=\"accordion5\" class=\"ac_wrap animated  wow \"   ><div class=\"toggle-title faq active\"><span class=\"faq\"><\/span><i class=\"fa fa-compass\"><\/i>Ku ndodhet Spitali Amerikan?<\/div><div class=\"toggle_content ac_content faq active\">Spitali Amerikan n\u00eb Tiran\u00eb ka 3 deg\u00eb.<\/p>\n<p>Spitali Amerikan 1 ndodhet pran\u00eb S.U.T, Rruga Lord Bajron, Tiran\u00eb. <a href=\"https:\/\/goo.gl\/maps\/rUzHKZW1CUS7ox4dA\" target=\"_blank\" rel=\"noopener noreferrer\">Shiko n\u00eb hart\u00eb<\/a><\/p>\n<p>Spitali Amerikan 2 ndodhet n\u00eb Rrug\u00ebn e Dibr\u00ebs, (p\u00ebrbri QSUT) Tiran\u00eb. <a href=\"https:\/\/goo.gl\/maps\/K8bJdF8TpyTSb3Do8\" target=\"_blank\" rel=\"noopener noreferrer\">Shiko n\u00eb hart\u00eb<\/a><\/p>\n<p>Spitali Amerikan 3 ndodhet n\u00eb Rrug\u00ebn Sabaudin Gabrani, Nr. 2, Tiran\u00eb. <a href=\"https:\/\/goo.gl\/maps\/oiBgXkHiA8YTm9YQ6\" target=\"_blank\" rel=\"noopener noreferrer\">Shiko n\u00eb hart\u00eb<\/a><br \/><\/div><div class=\"toggle-title faq \"><span class=\"faq\"><\/span><i class=\"fa fa-compass\"><\/i>Si mund t\u00eb rezervoj nj\u00eb takim?<\/div><div class=\"toggle_content ac_content faq \">P\u00ebr t\u00eb rezervuar nj\u00eb takim me mjek\u00ebt tan\u00eb ka 3 m\u00ebnyra:<\/p>\n<ul>\n<li>N\u00ebp\u00ebrmjet numrin ton\u00eb t\u00eb telefonit <a href=\"tel:+35542357535\">04 235 7535<\/a>. N\u00eb k\u00ebt\u00eb num\u00ebr do t\u00eb merrni informacionin e duhur p\u00ebr sh\u00ebrbimet dhe \u00e7mimet p\u00ebrkat\u00ebse. mund t\u00eb merrni t\u00eb gjitha informacionet e nevojshme lidhur me sh\u00ebrbimet q\u00eb ofron spitali yn\u00eb. Qendra jon\u00eb e kontakteve punon 24 or\u00eb n\u00eb 7 dit\u00ebt e jav\u00ebs<\/li>\n<li>N\u00ebp\u00ebrmjet adres\u00ebn online <a href=\"javascript:void(Tawk_API.toggle())\">rezervime.spitaliamerikan.com<\/a><\/li>\n<li>N\u00ebp\u00ebrmjet direct message n\u00eb rrjetet tona sociale n\u00eb <a href=\"https:\/\/www.facebook.com\/spitaliamerikan\/\" target=\"_blank\" rel=\"noopener noreferrer\">Facebook<\/a> dhe <a href=\"https:\/\/www.instagram.com\/spitaliamerikan\/\" target=\"_blank\" rel=\"noopener noreferrer\">Instagram.<\/a><\/li>\n<ul><\/div><div class=\"toggle-title faq \"><span class=\"faq\"><\/span><i class=\"fa fa-compass\"><\/i>Cili \u00ebsht\u00eb orari i pun\u00ebs n\u00eb Spitalin Amerikan?<\/div><div class=\"toggle_content ac_content faq \">Spitali punon 24 or\u00eb n\u00eb 7 dit\u00ebt e jav\u00ebs.<\/p>\n<p>Orari i pun\u00ebs i poliklinik\u00ebs \u00ebsht\u00eb 08:00 deri n\u00eb 16:30 nga e h\u00ebna n\u00eb t\u00eb premte, orar gjat\u00eb t\u00eb cilit mund t\u00eb kryhen konsultat dhe rezervimet p\u00ebr takimet e planifikuara.<\/p>\n<p>Urgjenca e Spitalit Amerikan \u00ebsht\u00eb n\u00eb sh\u00ebrbimin tuaj 24 or\u00eb t\u00eb dit\u00ebs, \u00e7do dit\u00eb t\u00eb jav\u00ebs. N\u00eb rast se doni t\u00eb kontaktoni me urgjenc\u00ebn kontaktoni n\u00eb numrin <a href=\"tel:+355688008000\">068 800 8000<\/a><br \/><\/div><div class=\"toggle-title faq \"><span class=\"faq\"><\/span><i class=\"fa fa-compass\"><\/i>A mund t\u00eb paraqitem n\u00eb Spital pa b\u00ebr\u00eb rezervim?<\/div><div class=\"toggle_content ac_content faq \">Sigurisht q\u00eb mund t\u00eb paraqiteni, por duhet t\u00eb prisni koh\u00ebn e nevojshme q\u00eb mjeku t\u00eb ket\u00eb orar t\u00eb lir\u00eb p\u00ebr t\u00eb kryer konsult\u00ebn dhe vizit\u00ebn me ju.<br \/><\/div><div class=\"toggle-title faq \"><span class=\"faq\"><\/span><i class=\"fa fa-compass\"><\/i>Si mund t\u00eb kontaktoj me urgjenc\u00ebn?<\/div><div class=\"toggle_content ac_content faq \">Urgjenca e Spitalit Amerikan \u00ebsht\u00eb n\u00eb sh\u00ebrbimin tuaj 24 or\u00eb t\u00eb dit\u00ebs, \u00e7do dit\u00eb t\u00eb jav\u00ebs. N\u00eb rast se doni t\u00eb kontaktoni me urgjenc\u00ebn kontaktoni n\u00eb numrin <a href=\"tel:+355688008000\">068 800 8000<\/a><\/p>\n<p>Ambulancat tona jan\u00eb t\u00eb pajisura n\u00eb m\u00ebnyr\u00eb moderne p\u00ebr t\u00eb kryer transporte me siguri maksimale bashk\u00eb me nj\u00eb staf mjek\u00ebsor t\u00eb specializuar p\u00ebr emergjenca t\u00eb shkall\u00ebve t\u00eb larta.<br \/><\/div><div class=\"toggle-title faq \"><span class=\"faq\"><\/span><i class=\"fa fa-compass\"><\/i>A mund t\u00eb kryhen ekzaminime gjat\u00eb fundjav\u00ebs?<\/div><div class=\"toggle_content ac_content faq \">Sigurisht q\u00eb po. Departamenti i Urgjenc\u00ebs ofron sh\u00ebrbim mjek\u00ebsor 24 or\u00eb nga staf i kualifikuar, trajnuar n\u00eb diagnostifikimin sa m\u00eb t\u00eb shpejt\u00eb t\u00eb pacient\u00ebve me mb\u00ebshtetjen e teknologjis\u00eb m\u00eb t\u00eb fundit imazherike CT scan, RM (renozanc\u00eb magnetike) n\u00eb ambientet e saj si dhe laborator\u00eb 24 or\u00eb.<br \/><\/div><div class=\"toggle-title faq \"><span class=\"faq\"><\/span><i class=\"fa fa-compass\"><\/i>Sa kushton sh\u00ebrbimi n\u00eb Spitalin Amerikan?<\/div><div class=\"toggle_content ac_content faq \">Pacient\u00ebt ambulator\u00eb informohet p\u00ebr \u00e7mimet n\u00eb momentin e rezervimit t\u00eb sh\u00ebrbimit nga sh\u00ebrbimi i klientit. N\u00eb rast se \u00ebsht\u00eb e nevojshme q\u00eb t\u00eb kryhen ekzaminime shtes\u00eb, t\u00eb sugjeruara nga mjeku gjat\u00eb kontrollit, pacienti informohet se cili \u00ebsht\u00eb ekzaminimi q\u00eb duhet t\u00eb kryej dhe sa do t\u00eb kushtoj\u00eb. Pacienti \u00ebsht\u00eb plot\u00ebsisht i informuar dhe ka t\u00eb drejt\u00eb t\u00eb k\u00ebrkoj\u00eb informacion\u00eb t\u00eb plota mbi \u00e7mimin e sh\u00ebrbimit q\u00eb do t\u00eb marr\u00eb.<\/p>\n<p>N\u00eb rastet e nd\u00ebrhyrjeve kirurgjikale pacienti informohet para kryerjes s\u00eb nd\u00ebrhyrjes mbi \u00e7mimin e operacionit duke p\u00ebrfshir\u00eb edhe dit\u00ebt e q\u00ebndrimit n\u00eb spital nga Departamenti i Koordinimit. P\u00ebr \u00e7do ekzaminim shtes\u00eb, Departamenti i Koordinimit informon pacientin dhe familjaret e tij paraprakisht.<\/p>\n<p>Pacient\u00ebt e hospitalizuar vizitohen \u00e7do dit\u00eb nga Departamenti i Koordinimit, i cili i informon p\u00ebr shpenzimet e kryera deri n\u00eb at\u00eb moment, si dhe p\u00ebr \u00e7mimin e t\u00eb gjitha sh\u00ebrbimeve q\u00eb do t\u00eb kryhen apo q\u00eb jan\u00eb rekomanduar nga mjeku.<br \/><\/div><div class=\"toggle-title faq \"><span class=\"faq\"><\/span><i class=\"fa fa-compass\"><\/i>Me cilat Kompani sigurimesh bashk\u00ebpunoni?<\/div><div class=\"toggle_content ac_content faq \">Spitali Amerikan bashk\u00ebpunon me t\u00eb gjitha kompanit\u00eb e sigurimit sh\u00ebndet\u00ebsor privat n\u00eb Shqip\u00ebri dhe gjithashtu me ato kompani europiane dhe bot\u00ebrore q\u00eb kan\u00eb bashk\u00ebpunim me kompanit\u00eb lokale\/vendase.<\/p>\n<ul>\n<li>SIGAL Uniqa Group Austria<\/li>\n<li>Eurosig Sh.a<\/li>\n<li>Intersig &#8211; Vienna Insurance Group<\/li>\n<li>ALBSIG sh.a.<\/li>\n<li>Sigma Interalbanian Vienna Insurance Group<\/li>\n<li>SiCRED sh.a<\/li>\n<li>INSIG JETE sh.a.<\/li>\n<li>Albsig Jet\u00eb Sha<\/li>\n<\/ul>\n<p>Kompani sigurimi bashk\u00ebpun\u00ebtore internacionale<\/p>\n<ul>\n<li>SOS International<\/li>\n<li>Balkanwide Assistance<\/li>\n<li>CIGNA<\/li>\n<li>AP COMPANIES Global Solutions LTD<\/li>\n<li>International SOS<\/li>\n<li>Bupa<\/li>\n<li>Athens Assistance<\/li>\n<\/ul><\/div><div class=\"toggle-title faq \"><span class=\"faq\"><\/span><i class=\"fa fa-compass\"><\/i>Ku mund ta d\u00ebrgoj CV, n\u00ebse dua t\u00eb pun\u00ebsohem n\u00eb Spitalit Amerikan?<\/div><div class=\"toggle_content ac_content faq \">Pozicionet vakante n\u00eb Spitalin Amerikan jan\u00eb t\u00eb publikuara n\u00eb faqen tonw, n\u00ebn kategorin\u00eb Burime Njer\u00ebzore.<\/p>\n<p>Stafi i <strong>Spitalit Amerikan<\/strong>, duke q\u00ebn\u00eb dinamik \u00ebsht\u00eb nj\u00eb staf gjithnj\u00eb n\u00eb rritje. Pun\u00ebsimi i t\u00eb rinjve \u00ebsht\u00eb nj\u00eb nga politikat e spitalit, pun\u00ebsimi i stafit t\u00eb huaj gjithashtu, duke sjell\u00eb k\u00ebshtu zhvillimin e bot\u00ebs per\u00ebndimore n\u00eb mjek\u00ebsin\u00eb ton\u00eb. P\u00ebrgjat\u00eb pun\u00ebs nd\u00ebrthur energjin\u00eb e motivimin p\u00ebr profesionin e punonj\u00ebsve t\u00eb rinj me pagabueshm\u00ebrin\u00eb e eksperienc\u00ebs. N\u00ebse doni t\u00eb jeni pjes\u00eb e Spitalit Amerikan, d\u00ebrgoni CV tuaj n\u00eb adres\u00ebn <a href=\"mailto:hr@spitaliamerikan.com\">hr@spitaliamerikan.com<\/a> dhe Departamenti i Burimeve Njer\u00ebzore do t\u00eb shqyrtoj\u00eb k\u00ebt\u00eb k\u00ebrkes\u00eb dhe n\u00eb rast p\u00ebrzgjedhje p\u00ebr pozicionin e aplikuar do t\u2019ju kontaktoj\u00eb<br \/><\/div><\/div><\/ul>\n<\/ul>\n","protected":false},"excerpt":{"rendered":"","protected":false},"author":1,"featured_media":0,"parent":1365,"menu_order":2,"comment_status":"closed","ping_status":"closed","template":"template_subpage.php","meta":{"footnotes":""},"class_list":["post-4297","page","type-page","status-publish","hentry"],"yoast_head":"<!-- This site is optimized with the Yoast SEO plugin v27.2 - https:\/\/yoast.com\/product\/yoast-seo-wordpress\/ -->\n<title>Pyetjet m\u00eb t\u00eb shpeshta - 糖心logo入口<\/title>\n<meta name=\"description\" content=\"Pyetjet m\u00eb t\u00eb shpeshta - I p\u00ebrkushtuar p\u00ebr t\u00eb siguruar sh\u00ebrbimin m\u00eb t\u00eb mir\u00eb p\u00ebr sh\u00ebndetin tuaj, Spitali Amerikan \u00ebsht\u00eb lider n\u00eb sistemin sh\u00ebndet\u00ebsor n\u00eb Shqip\u00ebri.\" \/>\n<meta name=\"robots\" content=\"index, follow, max-snippet:-1, max-image-preview:large, max-video-preview:-1\" \/>\n<link rel=\"canonical\" href=\"https:\/\/al.spitaliamerikan.com\/en\/about-us\/pyetjet-me-te-shpeshta\/\" \/>\n<meta property=\"og:locale\" content=\"en_US\" \/>\n<meta property=\"og:type\" content=\"article\" \/>\n<meta property=\"og:title\" content=\"Pyetjet m\u00eb t\u00eb shpeshta - 糖心logo入口\" \/>\n<meta property=\"og:description\" content=\"Pyetjet m\u00eb t\u00eb shpeshta - I p\u00ebrkushtuar p\u00ebr t\u00eb siguruar sh\u00ebrbimin m\u00eb t\u00eb mir\u00eb p\u00ebr sh\u00ebndetin tuaj, Spitali Amerikan \u00ebsht\u00eb lider n\u00eb sistemin sh\u00ebndet\u00ebsor n\u00eb Shqip\u00ebri.\" \/>\n<meta property=\"og:url\" content=\"https:\/\/al.spitaliamerikan.com\/en\/about-us\/pyetjet-me-te-shpeshta\/\" \/>\n<meta property=\"og:site_name\" content=\"糖心logo入口\" \/>\n<meta property=\"article:publisher\" content=\"https:\/\/www.facebook.com\/spitaliamerikan\" \/>\n<meta property=\"article:modified_time\" content=\"2023-01-09T09:10:16+00:00\" \/>\n<meta name=\"twitter:card\" content=\"summary_large_image\" \/>\n<meta name=\"twitter:site\" content=\"@spitaliamerikan\" \/>\n<meta name=\"twitter:label1\" content=\"Est. reading time\" \/>\n\t<meta name=\"twitter:data1\" content=\"4 minutes\" \/>\n<script type=\"application\/ld+json\" class=\"yoast-schema-graph\">{\"@context\":\"https:\/\/schema.org\",\"@graph\":[{\"@type\":\"WebPage\",\"@id\":\"https:\/\/al.spitaliamerikan.com\/en\/about-us\/pyetjet-me-te-shpeshta\/\",\"url\":\"https:\/\/al.spitaliamerikan.com\/en\/about-us\/pyetjet-me-te-shpeshta\/\",\"name\":\"Pyetjet m\u00eb t\u00eb shpeshta - 糖心logo入口\",\"isPartOf\":{\"@id\":\"https:\/\/al.spitaliamerikan.com\/#website\"},\"datePublished\":\"2020-09-21T12:46:11+00:00\",\"dateModified\":\"2023-01-09T09:10:16+00:00\",\"description\":\"Pyetjet m\u00eb t\u00eb shpeshta - I p\u00ebrkushtuar p\u00ebr t\u00eb siguruar sh\u00ebrbimin m\u00eb t\u00eb mir\u00eb p\u00ebr sh\u00ebndetin tuaj, Spitali Amerikan \u00ebsht\u00eb lider n\u00eb sistemin sh\u00ebndet\u00ebsor n\u00eb Shqip\u00ebri.\",\"breadcrumb\":{\"@id\":\"https:\/\/al.spitaliamerikan.com\/en\/about-us\/pyetjet-me-te-shpeshta\/#breadcrumb\"},\"inLanguage\":\"en-US\",\"potentialAction\":[{\"@type\":\"ReadAction\",\"target\":[\"https:\/\/al.spitaliamerikan.com\/en\/about-us\/pyetjet-me-te-shpeshta\/\"]}]},{\"@type\":\"BreadcrumbList\",\"@id\":\"https:\/\/al.spitaliamerikan.com\/en\/about-us\/pyetjet-me-te-shpeshta\/#breadcrumb\",\"itemListElement\":[{\"@type\":\"ListItem\",\"position\":1,\"name\":\"Home\",\"item\":\"https:\/\/al.spitaliamerikan.com\/en\/\"},{\"@type\":\"ListItem\",\"position\":2,\"name\":\"About Us\",\"item\":\"https:\/\/al.spitaliamerikan.com\/en\/about-us\/\"},{\"@type\":\"ListItem\",\"position\":3,\"name\":\"Pyetjet m\u00eb t\u00eb shpeshta\"}]},{\"@type\":\"WebSite\",\"@id\":\"https:\/\/al.spitaliamerikan.com\/#website\",\"url\":\"https:\/\/al.spitaliamerikan.com\/\",\"name\":\"糖心logo入口\",\"description\":\"Embrace Life!\",\"potentialAction\":[{\"@type\":\"SearchAction\",\"target\":{\"@type\":\"EntryPoint\",\"urlTemplate\":\"https:\/\/al.spitaliamerikan.com\/?s={search_term_string}\"},\"query-input\":{\"@type\":\"PropertyValueSpecification\",\"valueRequired\":true,\"valueName\":\"search_term_string\"}}],\"inLanguage\":\"en-US\"}]}<\/script>\n<!-- \/ Yoast SEO plugin. -->","yoast_head_json":{"title":"Pyetjet m\u00eb t\u00eb shpeshta - 糖心logo入口","description":"Pyetjet m\u00eb t\u00eb shpeshta - I p\u00ebrkushtuar p\u00ebr t\u00eb siguruar sh\u00ebrbimin m\u00eb t\u00eb mir\u00eb p\u00ebr sh\u00ebndetin tuaj, Spitali Amerikan \u00ebsht\u00eb lider n\u00eb sistemin sh\u00ebndet\u00ebsor n\u00eb Shqip\u00ebri.","robots":{"index":"index","follow":"follow","max-snippet":"max-snippet:-1","max-image-preview":"max-image-preview:large","max-video-preview":"max-video-preview:-1"},"canonical":"https:\/\/al.spitaliamerikan.com\/en\/about-us\/pyetjet-me-te-shpeshta\/","og_locale":"en_US","og_type":"article","og_title":"Pyetjet m\u00eb t\u00eb shpeshta - 糖心logo入口","og_description":"Pyetjet m\u00eb t\u00eb shpeshta - I p\u00ebrkushtuar p\u00ebr t\u00eb siguruar sh\u00ebrbimin m\u00eb t\u00eb mir\u00eb p\u00ebr sh\u00ebndetin tuaj, Spitali Amerikan \u00ebsht\u00eb lider n\u00eb sistemin sh\u00ebndet\u00ebsor n\u00eb Shqip\u00ebri.","og_url":"https:\/\/al.spitaliamerikan.com\/en\/about-us\/pyetjet-me-te-shpeshta\/","og_site_name":"糖心logo入口","article_publisher":"https:\/\/www.facebook.com\/spitaliamerikan","article_modified_time":"2023-01-09T09:10:16+00:00","twitter_card":"summary_large_image","twitter_site":"@spitaliamerikan","twitter_misc":{"Est. reading time":"4 minutes"},"schema":{"@context":"https:\/\/schema.org","@graph":[{"@type":"WebPage","@id":"https:\/\/al.spitaliamerikan.com\/en\/about-us\/pyetjet-me-te-shpeshta\/","url":"https:\/\/al.spitaliamerikan.com\/en\/about-us\/pyetjet-me-te-shpeshta\/","name":"Pyetjet m\u00eb t\u00eb shpeshta - 糖心logo入口","isPartOf":{"@id":"https:\/\/al.spitaliamerikan.com\/#website"},"datePublished":"2020-09-21T12:46:11+00:00","dateModified":"2023-01-09T09:10:16+00:00","description":"Pyetjet m\u00eb t\u00eb shpeshta - I p\u00ebrkushtuar p\u00ebr t\u00eb siguruar sh\u00ebrbimin m\u00eb t\u00eb mir\u00eb p\u00ebr sh\u00ebndetin tuaj, Spitali Amerikan \u00ebsht\u00eb lider n\u00eb sistemin sh\u00ebndet\u00ebsor n\u00eb Shqip\u00ebri.","breadcrumb":{"@id":"https:\/\/al.spitaliamerikan.com\/en\/about-us\/pyetjet-me-te-shpeshta\/#breadcrumb"},"inLanguage":"en-US","potentialAction":[{"@type":"ReadAction","target":["https:\/\/al.spitaliamerikan.com\/en\/about-us\/pyetjet-me-te-shpeshta\/"]}]},{"@type":"BreadcrumbList","@id":"https:\/\/al.spitaliamerikan.com\/en\/about-us\/pyetjet-me-te-shpeshta\/#breadcrumb","itemListElement":[{"@type":"ListItem","position":1,"name":"Home","item":"https:\/\/al.spitaliamerikan.com\/en\/"},{"@type":"ListItem","position":2,"name":"About Us","item":"https:\/\/al.spitaliamerikan.com\/en\/about-us\/"},{"@type":"ListItem","position":3,"name":"Pyetjet m\u00eb t\u00eb shpeshta"}]},{"@type":"WebSite","@id":"https:\/\/al.spitaliamerikan.com\/#website","url":"https:\/\/al.spitaliamerikan.com\/","name":"糖心logo入口","description":"Embrace Life!","potentialAction":[{"@type":"SearchAction","target":{"@type":"EntryPoint","urlTemplate":"https:\/\/al.spitaliamerikan.com\/?s={search_term_string}"},"query-input":{"@type":"PropertyValueSpecification","valueRequired":true,"valueName":"search_term_string"}}],"inLanguage":"en-US"}]}},"_links":{"self":[{"href":"https:\/\/al.spitaliamerikan.com\/en\/wp-json\/wp\/v2\/pages\/4297","targetHints":{"allow":["GET"]}}],"collection":[{"href":"https:\/\/al.spitaliamerikan.com\/en\/wp-json\/wp\/v2\/pages"}],"about":[{"href":"https:\/\/al.spitaliamerikan.com\/en\/wp-json\/wp\/v2\/types\/page"}],"author":[{"embeddable":true,"href":"https:\/\/al.spitaliamerikan.com\/en\/wp-json\/wp\/v2\/users\/1"}],"replies":[{"embeddable":true,"href":"https:\/\/al.spitaliamerikan.com\/en\/wp-json\/wp\/v2\/comments?post=4297"}],"version-history":[{"count":2,"href":"https:\/\/al.spitaliamerikan.com\/en\/wp-json\/wp\/v2\/pages\/4297\/revisions"}],"predecessor-version":[{"id":4835,"href":"https:\/\/al.spitaliamerikan.com\/en\/wp-json\/wp\/v2\/pages\/4297\/revisions\/4835"}],"up":[{"embeddable":true,"href":"https:\/\/al.spitaliamerikan.com\/en\/wp-json\/wp\/v2\/pages\/1365"}],"wp:attachment":[{"href":"https:\/\/al.spitaliamerikan.com\/en\/wp-json\/wp\/v2\/media?parent=4297"}],"curies":[{"name":"wp","href":"https:\/\/api.w.org\/{rel}","templated":true}]}}